{"id":1379,"date":"2024-01-18T10:59:44","date_gmt":"2024-01-18T09:59:44","guid":{"rendered":"https:\/\/lescoquettesapaillettes.com\/?post_type=product&#038;p=1379"},"modified":"2025-10-31T06:15:18","modified_gmt":"2025-10-31T05:15:18","slug":"boucles-doreille-luna","status":"publish","type":"product","link":"https:\/\/lescoquettesapaillettes.com\/produit\/boucles-doreille-luna\/","title":{"rendered":"Boucles d&#8217;oreille Luna"},"content":{"rendered":"","protected":false},"excerpt":{"rendered":"<p>Avec Luna tu seras la Beyonce de ta bo\u00eete, une d\u00e9marche chaloup\u00e9e est le monde est \u00e0 tes pieds.<\/p>\n<p>Son cot\u00e9 lunaire et iris\u00e9 les rendent irr\u00e9sistibles.<\/p>\n<p>Un peu de douceur avec son fermoir bleu pastel.<\/p>\n<p>Dimensions: 3,5 \/ 5 cm.<\/p>\n<p>On prend soin de Luna et on lui \u00e9vite l&#8217;eau, parfum ou autres produits.<\/p>\n","protected":false},"featured_media":1382,"template":"","meta":{"_acf_changed":false,"_et_pb_use_builder":"","_et_pb_old_content":"","_et_gb_content_width":""},"product_brand":[],"product_cat":[68,23],"product_tag":[],"class_list":{"0":"post-1379","1":"product","2":"type-product","3":"status-publish","4":"has-post-thumbnail","6":"product_cat-boucles-doreille-en-acetate","7":"product_cat-boucles-doreilles","9":"first","10":"instock","11":"shipping-taxable","12":"purchasable","13":"product-type-simple"},"acf":[],"yoast_head":"<!-- This site is optimized with the Yoast SEO plugin v27.4 - https:\/\/yoast.com\/product\/yoast-seo-wordpress\/ -->\n<title>Boucles d&#039;oreille Luna - Mr.<\/title>\n<meta name=\"robots\" content=\"index, follow, max-snippet:-1, max-image-preview:large, max-video-preview:-1\" \/>\n<link rel=\"canonical\" href=\"https:\/\/lescoquettesapaillettes.com\/index.php\/produit\/boucles-doreille-luna\/\" \/>\n<meta property=\"og:locale\" content=\"en_US\" \/>\n<meta property=\"og:type\" content=\"article\" \/>\n<meta property=\"og:title\" content=\"Boucles d&#039;oreille Luna - Mr.\" \/>\n<meta property=\"og:description\" content=\"Avec Luna tu seras la Beyonce de ta bo\u00eete, une d\u00e9marche chaloup\u00e9e est le monde est \u00e0 tes pieds.  Son cot\u00e9 lunaire et iris\u00e9 les rendent irr\u00e9sistibles.  Un peu de douceur avec son fermoir bleu pastel.  Dimensions: 3,5 \/ 5 cm.  On prend soin de Luna et on lui \u00e9vite l&#039;eau, parfum ou autres produits.\" \/>\n<meta property=\"og:url\" content=\"https:\/\/lescoquettesapaillettes.com\/index.php\/produit\/boucles-doreille-luna\/\" \/>\n<meta property=\"og:site_name\" content=\"Mr.\" \/>\n<meta property=\"article:modified_time\" content=\"2025-10-31T05:15:18+00:00\" \/>\n<meta property=\"og:image\" content=\"https:\/\/lescoquettesapaillettes.com\/wp-content\/uploads\/2024\/01\/IMG_7698-scaled.jpg\" \/>\n\t<meta property=\"og:image:width\" content=\"1920\" \/>\n\t<meta property=\"og:image:height\" content=\"2560\" \/>\n\t<meta property=\"og:image:type\" content=\"image\/jpeg\" \/>\n<meta name=\"twitter:card\" content=\"summary_large_image\" \/>\n<meta name=\"twitter:label1\" content=\"Est. reading time\" \/>\n\t<meta name=\"twitter:data1\" content=\"1 minuut\" \/>\n<script type=\"application\/ld+json\" class=\"yoast-schema-graph\">{\"@context\":\"https:\\\/\\\/schema.org\",\"@graph\":[{\"@type\":\"WebPage\",\"@id\":\"https:\\\/\\\/lescoquettesapaillettes.com\\\/index.php\\\/produit\\\/boucles-doreille-luna\\\/\",\"url\":\"https:\\\/\\\/lescoquettesapaillettes.com\\\/index.php\\\/produit\\\/boucles-doreille-luna\\\/\",\"name\":\"Boucles d'oreille Luna - Mr.\",\"isPartOf\":{\"@id\":\"https:\\\/\\\/lescoquettesapaillettes.com\\\/#website\"},\"primaryImageOfPage\":{\"@id\":\"https:\\\/\\\/lescoquettesapaillettes.com\\\/index.php\\\/produit\\\/boucles-doreille-luna\\\/#primaryimage\"},\"image\":{\"@id\":\"https:\\\/\\\/lescoquettesapaillettes.com\\\/index.php\\\/produit\\\/boucles-doreille-luna\\\/#primaryimage\"},\"thumbnailUrl\":\"https:\\\/\\\/lescoquettesapaillettes.com\\\/wp-content\\\/uploads\\\/2024\\\/01\\\/IMG_7698-scaled.jpg\",\"datePublished\":\"2024-01-18T09:59:44+00:00\",\"dateModified\":\"2025-10-31T05:15:18+00:00\",\"breadcrumb\":{\"@id\":\"https:\\\/\\\/lescoquettesapaillettes.com\\\/index.php\\\/produit\\\/boucles-doreille-luna\\\/#breadcrumb\"},\"inLanguage\":\"af-ZA\",\"potentialAction\":[{\"@type\":\"ReadAction\",\"target\":[\"https:\\\/\\\/lescoquettesapaillettes.com\\\/index.php\\\/produit\\\/boucles-doreille-luna\\\/\"]}]},{\"@type\":\"ImageObject\",\"inLanguage\":\"af-ZA\",\"@id\":\"https:\\\/\\\/lescoquettesapaillettes.com\\\/index.php\\\/produit\\\/boucles-doreille-luna\\\/#primaryimage\",\"url\":\"https:\\\/\\\/lescoquettesapaillettes.com\\\/wp-content\\\/uploads\\\/2024\\\/01\\\/IMG_7698-scaled.jpg\",\"contentUrl\":\"https:\\\/\\\/lescoquettesapaillettes.com\\\/wp-content\\\/uploads\\\/2024\\\/01\\\/IMG_7698-scaled.jpg\",\"width\":1920,\"height\":2560},{\"@type\":\"BreadcrumbList\",\"@id\":\"https:\\\/\\\/lescoquettesapaillettes.com\\\/index.php\\\/produit\\\/boucles-doreille-luna\\\/#breadcrumb\",\"itemListElement\":[{\"@type\":\"ListItem\",\"position\":1,\"name\":\"Accueil\",\"item\":\"https:\\\/\\\/lescoquettesapaillettes.com\\\/\"},{\"@type\":\"ListItem\",\"position\":2,\"name\":\"Shop\",\"item\":\"https:\\\/\\\/lescoquettesapaillettes.com\\\/?page_id=90\"},{\"@type\":\"ListItem\",\"position\":3,\"name\":\"Boucles d&#8217;oreille Luna\"}]},{\"@type\":\"WebSite\",\"@id\":\"https:\\\/\\\/lescoquettesapaillettes.com\\\/#website\",\"url\":\"https:\\\/\\\/lescoquettesapaillettes.com\\\/\",\"name\":\"Mr.\",\"description\":\"Cr\u00e9atrice de bijoux et accessoires\",\"potentialAction\":[{\"@type\":\"SearchAction\",\"target\":{\"@type\":\"EntryPoint\",\"urlTemplate\":\"https:\\\/\\\/lescoquettesapaillettes.com\\\/?s={search_term_string}\"},\"query-input\":{\"@type\":\"PropertyValueSpecification\",\"valueRequired\":true,\"valueName\":\"search_term_string\"}}],\"inLanguage\":\"af-ZA\"}]}<\/script>\n<!-- \/ Yoast SEO plugin. -->","yoast_head_json":{"title":"Boucles d'oreille Luna - Mr.","robots":{"index":"index","follow":"follow","max-snippet":"max-snippet:-1","max-image-preview":"max-image-preview:large","max-video-preview":"max-video-preview:-1"},"canonical":"https:\/\/lescoquettesapaillettes.com\/index.php\/produit\/boucles-doreille-luna\/","og_locale":"en_US","og_type":"article","og_title":"Boucles d'oreille Luna - Mr.","og_description":"Avec Luna tu seras la Beyonce de ta bo\u00eete, une d\u00e9marche chaloup\u00e9e est le monde est \u00e0 tes pieds.  Son cot\u00e9 lunaire et iris\u00e9 les rendent irr\u00e9sistibles.  Un peu de douceur avec son fermoir bleu pastel.  Dimensions: 3,5 \/ 5 cm.  On prend soin de Luna et on lui \u00e9vite l'eau, parfum ou autres produits.","og_url":"https:\/\/lescoquettesapaillettes.com\/index.php\/produit\/boucles-doreille-luna\/","og_site_name":"Mr.","article_modified_time":"2025-10-31T05:15:18+00:00","og_image":[{"width":1920,"height":2560,"url":"https:\/\/lescoquettesapaillettes.com\/wp-content\/uploads\/2024\/01\/IMG_7698-scaled.jpg","type":"image\/jpeg"}],"twitter_card":"summary_large_image","twitter_misc":{"Est. reading time":"1 minuut"},"schema":{"@context":"https:\/\/schema.org","@graph":[{"@type":"WebPage","@id":"https:\/\/lescoquettesapaillettes.com\/index.php\/produit\/boucles-doreille-luna\/","url":"https:\/\/lescoquettesapaillettes.com\/index.php\/produit\/boucles-doreille-luna\/","name":"Boucles d'oreille Luna - Mr.","isPartOf":{"@id":"https:\/\/lescoquettesapaillettes.com\/#website"},"primaryImageOfPage":{"@id":"https:\/\/lescoquettesapaillettes.com\/index.php\/produit\/boucles-doreille-luna\/#primaryimage"},"image":{"@id":"https:\/\/lescoquettesapaillettes.com\/index.php\/produit\/boucles-doreille-luna\/#primaryimage"},"thumbnailUrl":"https:\/\/lescoquettesapaillettes.com\/wp-content\/uploads\/2024\/01\/IMG_7698-scaled.jpg","datePublished":"2024-01-18T09:59:44+00:00","dateModified":"2025-10-31T05:15:18+00:00","breadcrumb":{"@id":"https:\/\/lescoquettesapaillettes.com\/index.php\/produit\/boucles-doreille-luna\/#breadcrumb"},"inLanguage":"af-ZA","potentialAction":[{"@type":"ReadAction","target":["https:\/\/lescoquettesapaillettes.com\/index.php\/produit\/boucles-doreille-luna\/"]}]},{"@type":"ImageObject","inLanguage":"af-ZA","@id":"https:\/\/lescoquettesapaillettes.com\/index.php\/produit\/boucles-doreille-luna\/#primaryimage","url":"https:\/\/lescoquettesapaillettes.com\/wp-content\/uploads\/2024\/01\/IMG_7698-scaled.jpg","contentUrl":"https:\/\/lescoquettesapaillettes.com\/wp-content\/uploads\/2024\/01\/IMG_7698-scaled.jpg","width":1920,"height":2560},{"@type":"BreadcrumbList","@id":"https:\/\/lescoquettesapaillettes.com\/index.php\/produit\/boucles-doreille-luna\/#breadcrumb","itemListElement":[{"@type":"ListItem","position":1,"name":"Accueil","item":"https:\/\/lescoquettesapaillettes.com\/"},{"@type":"ListItem","position":2,"name":"Shop","item":"https:\/\/lescoquettesapaillettes.com\/?page_id=90"},{"@type":"ListItem","position":3,"name":"Boucles d&#8217;oreille Luna"}]},{"@type":"WebSite","@id":"https:\/\/lescoquettesapaillettes.com\/#website","url":"https:\/\/lescoquettesapaillettes.com\/","name":"Mr.","description":"Cr\u00e9atrice de bijoux et accessoires","potentialAction":[{"@type":"SearchAction","target":{"@type":"EntryPoint","urlTemplate":"https:\/\/lescoquettesapaillettes.com\/?s={search_term_string}"},"query-input":{"@type":"PropertyValueSpecification","valueRequired":true,"valueName":"search_term_string"}}],"inLanguage":"af-ZA"}]}},"jetpack_sharing_enabled":true,"_links":{"self":[{"href":"https:\/\/lescoquettesapaillettes.com\/wp-json\/wp\/v2\/product\/1379","targetHints":{"allow":["GET"]}}],"collection":[{"href":"https:\/\/lescoquettesapaillettes.com\/wp-json\/wp\/v2\/product"}],"about":[{"href":"https:\/\/lescoquettesapaillettes.com\/wp-json\/wp\/v2\/types\/product"}],"wp:featuredmedia":[{"embeddable":true,"href":"https:\/\/lescoquettesapaillettes.com\/wp-json\/wp\/v2\/media\/1382"}],"wp:attachment":[{"href":"https:\/\/lescoquettesapaillettes.com\/wp-json\/wp\/v2\/media?parent=1379"}],"wp:term":[{"taxonomy":"product_brand","embeddable":true,"href":"https:\/\/lescoquettesapaillettes.com\/wp-json\/wp\/v2\/product_brand?post=1379"},{"taxonomy":"product_cat","embeddable":true,"href":"https:\/\/lescoquettesapaillettes.com\/wp-json\/wp\/v2\/product_cat?post=1379"},{"taxonomy":"product_tag","embeddable":true,"href":"https:\/\/lescoquettesapaillettes.com\/wp-json\/wp\/v2\/product_tag?post=1379"}],"curies":[{"name":"wp","href":"https:\/\/api.w.org\/{rel}","templated":true}]}}